{"id":16,"date":"2017-03-19T19:06:31","date_gmt":"2017-03-19T18:06:31","guid":{"rendered":"http:\/\/www.omniagroup.org\/it\/?post_type=product&#038;p=16"},"modified":"2017-03-25T18:14:46","modified_gmt":"2017-03-25T17:14:46","slug":"vitacol","status":"publish","type":"product","link":"https:\/\/www.omniagroup.org\/it\/prodotto\/vitacol\/","title":{"rendered":"Vitacol"},"content":{"rendered":"<h4>Ingredienti<\/h4>\n<table style=\"height: 162px; border: 1px solid #AAAAAA;\" border=\"0\" width=\"689\" cellspacing=\"0\" cellpadding=\"1\">\n<tbody>\n<tr style=\"background-color: #37602f; color: white;\" align=\"center\">\n<td><\/td>\n<td style=\"text-align: center;\">per 2 compresse<\/td>\n<td style=\"text-align: center;\">%RDA*<\/td>\n<\/tr>\n<tr>\n<td>Vitamina B1<\/td>\n<td style=\"text-align: center;\" align=\"center\">1,1 mg<\/td>\n<td style=\"text-align: center;\" align=\"center\">100<\/td>\n<\/tr>\n<tr>\n<td>Niacina<\/td>\n<td style=\"text-align: center;\" align=\"center\">18 mg<\/td>\n<td style=\"text-align: center;\" align=\"center\">100<\/td>\n<\/tr>\n<tr>\n<td>Magnesio<\/td>\n<td style=\"text-align: center;\" align=\"center\">172,5 mg<\/td>\n<td style=\"text-align: center;\" align=\"center\">46<\/td>\n<\/tr>\n<tr>\n<td>N-Acetilcarnitina<\/td>\n<td style=\"text-align: center;\" align=\"center\">200 mg<\/td>\n<td align=\"center\"><\/td>\n<\/tr>\n<tr>\n<td>L-Arginina<\/td>\n<td style=\"text-align: center;\" align=\"center\">200 mg<\/td>\n<td align=\"center\"><\/td>\n<\/tr>\n<tr>\n<td>Policosanoli<\/td>\n<td style=\"text-align: center;\" align=\"center\">20 mg<\/td>\n<td align=\"center\"><\/td>\n<\/tr>\n<tr>\n<td>Damiana e.s.<\/td>\n<td style=\"text-align: center;\" align=\"center\">200 mg<\/td>\n<td align=\"center\"><\/td>\n<\/tr>\n<tr>\n<td>Tribulus terrestris e.s. titolato 20% in saponine steroliche<\/td>\n<td style=\"text-align: center;\" align=\"center\">200 mg<\/td>\n<td align=\"center\"><\/td>\n<\/tr>\n<tr>\n<td><i>Apporto di saponine steroliche<\/i><\/td>\n<td style=\"text-align: center;\" align=\"center\"><i>40mg<\/i><\/td>\n<td align=\"center\"><\/td>\n<\/tr>\n<tr>\n<td>Eleuterococco estratto seccotitolato 0,8% in eleuterosidi<\/td>\n<td style=\"text-align: center;\" align=\"center\">100mg<\/td>\n<td align=\"center\"><\/td>\n<\/tr>\n<tr>\n<td><i>Apporto di eleuterosidi<\/i><\/td>\n<td style=\"text-align: center;\" align=\"center\"><i>0.8 mg<\/i><\/td>\n<td align=\"center\"><\/td>\n<\/tr>\n<tr>\n<td>Muira Puama estratto secco 4:1<\/td>\n<td style=\"text-align: center;\" align=\"center\">100 mg<\/td>\n<td align=\"center\"><\/td>\n<\/tr>\n<tr>\n<td>Ginkgo biloba estratto secco titolato 24%<br \/>\nin ginkgo glucosidi &#8211; 6% in terpeni<\/td>\n<td style=\"text-align: center;\" align=\"center\">20 mg<\/td>\n<td align=\"center\"><\/td>\n<\/tr>\n<tr>\n<td><i>Apporto di ginkgo glicosidi<\/i><\/td>\n<td style=\"text-align: center;\" align=\"center\"><i>4.8 mg<\/i><\/td>\n<td align=\"center\"><\/td>\n<\/tr>\n<tr>\n<td><i>Apporto di terpeni<\/i><\/td>\n<td style=\"text-align: center;\" align=\"center\"><i>1.2 mg<\/i><\/td>\n<td align=\"center\"><\/td>\n<\/tr>\n<\/tbody>\n<\/table>\n<p><em>*RDA = Razione Giornaliera Raccomandata secondo D.M. 18\/03\/09.<\/em><\/p>\n<h5>Policosanoli (PPG)<\/h5>\n<p>Migliorano l\u2019efficienza muscolare e incrementano l\u2019utilizzo d\u2019ossigeno durante l\u2019esercizio fisico. I PPG sono l\u2019ideale complemento alimentare nei soggetti che, dopo la prestazione sportiva, accusano dolori muscolari e limitata resistenza allo sforzo, sia per durata che per intensit\u00e0. Sono utili in caso di stress, debolezza e astenia sessuale.<\/p>\n<h5>Tribulin (Tribulus terrestris)<\/h5>\n<p>Pianta nativa dell\u2019India e dell\u2019Africa, ad azione tonica (grazie al contenuto in saponine steroidee), diuretica (grazie al contenuto in potassio e in acido aspartico e glutammico) e afrodisiaca. In Medicina Ayurvedica \u00e8 stata utilizzata, per secoli, nel trattamento di disturbi genito-urinari, per la fertilit\u00e0 maschile e femminile, contro l\u2019impotenza e per aumentare gli androgeni (in particolare testosterone) con conseguente aumento della libido e sviluppo muscolare.<\/p>\n<h5>Ginkgo biloba<\/h5>\n<p>Noto per la sua capacit\u00e0 di favorire la circolazione sanguigna, in particolare il microcircolo cerebrale, favorendo l\u2019 irrorazione delle zone pi\u00f9 periferiche, utili ad attivare la memoria, e per combattere le vertigini e la cefalea, aumentando l\u2019apporto di ossigeno al cervello. Il Ginkgo biloba \u00e8 un ottimo vasodilatatore, capace di rafforzare il tono venoso, con effetti molto utili anche sulla fluidificazione del sangue. Il Ginkgo non \u00e8 noto solo per migliorare la capacit\u00e0 di concentrazione, l\u2019attenzione, la lucidit\u00e0 e la memoria, ma anche per le sue propriet\u00e0 antiossidanti, dovute alla presenza di glucosidi e ginkgoflavonoidi, che sono utili per combattere l\u2019azione dei radicali liberi, responsabili dell\u2019invecchiamento cellulare.<\/p>\n<h5>Muira puama<\/h5>\n<p>Per il suo contenuto in steroidi, saponina, tannini, terpeni ed alcaloidi, la tradizione gli attribuisce effetti afrodisiaci e la capacit\u00e0 di aumentare la libido sia negli uomini che nelle donne. Ha inoltre propriet\u00e0 toniche, anti- stress e stimolanti.<\/p>\n<h5>Damiana<\/h5>\n<p>Nota per le sue propriet\u00e0 stimolanti, afrodisiache e diuretiche. \u00c8 utile in caso di stress, astenia sessuale, frigidit\u00e0, diminuzione del desiderio, impotenza e, in generale, come tonico stimolante, per migliorare le prestazioni di ogni genere e il tono dell\u2019umore.<\/p>\n<h5>Vitamina PP (o B3 o Niacina)<\/h5>\n<p>Nota per le sue propriet\u00e0 disintossicanti. \u00c8 necessaria per il buon funzionamento del sistema nervoso. \u00c8 utile per il sistema circolatorio, per il metabolismo del colesterolo e delle proteine, dei grassi e dei carboidrati, per la produzione di acido cloridrico, per stabilizzare i livelli di zucchero nel sangue e nei casi di stress.<\/p>\n<h5>Vitamina B1<\/h5>\n<p>Aiuta a mantenere il sistema nervoso sano. \u00c8 utile per il metabolismo dei lipidi, dei carboidrati e delle proteine. \u00c8 necessaria per la crescita e la riproduzione di tutte le cellule dell\u2019organismo, per la sintesi della mielina e per la formazione delle cellule del sangue (emopoiesi). \u00c8 importante inoltre per il buon funzionamento di cuore e muscoli.<\/p>\n<h5>Magnesio<\/h5>\n<p>Svolge un ruolo fondamentale nel metabolismo del corpo umano in quanto contribuisce al metabolismo di proteine, zuccheri e lipidi e funziona da coenzima di ben 300 enzimi.<\/p>\n<h5>Eleuterococco<\/h5>\n<p>Grazie a diversi studi, si \u00e8 potuto verificare come l\u2019eleuterococco abbia capacit\u00e0 di ridurre la stanchezza, lo stress fisico e mentale. \u00c8 inoltre importante per dare energia, alleviare l\u2019affaticamento, stimolare il sistema immunitario, migliorare le prestazioni psico-fisiche e la concentrazione. \u00c8 significativa anche la sua attivit\u00e0 antiossidante e immunostimolante.<\/p>\n<h5>L-Arginina<\/h5>\n<p>\u00c8 un aminoacido essenziale per la crescita e lo sviluppo dei bambini, in quanto favorisce la produzione dell\u2019 ormone della crescita. Partecipa al metabolismo dei grassi e al meccanismo di controllo del glucosio. \u00c8 utile, inoltre, per favorire le funzioni immunitarie, nella cicatrizzazione delle ferite e nella guarigione delle scottature. N-Acetilcarnitina: \u00e8 importante per il buon funzionamento del sistema nervoso, in quanto ha la capacit\u00e0 di donare energia sia in caso di affaticamento fisico che cerebrale.<\/p>\n<h4>Avvertenze<\/h4>\n<ul>\n<li>Non superare la dose giornaliera raccomandata.<\/li>\n<li>Tenere fuori dalla portata dei bambini al di sotto dei 3 anni di et\u00e0.<\/li>\n<li>Gli integratori non vanno intesi come sostituti di una dieta variata.<\/li>\n<li>Per donne in gravidanza o in allattamento e bambini si raccomanda di sentire il parere del medico.<\/li>\n<\/ul>\n<h4>Modalit\u00e0 d&#8217;uso<\/h4>\n<p>Si consiglia l\u2019assunzione di 2 compresse al giorno.<\/p>\n<h4>Confezione<\/h4>\n<p>Confezione da 20 compresse.<\/p>\n","protected":false},"excerpt":{"rendered":"<p>Vitacol<sup>\u00ae<\/sup> \u00e8 un integratore alimentare utile in casi di affaticamento fisico e mentale, letargia, astenia psicofisica, torpore sessuale e debolezza generale.<\/p>\n","protected":false},"featured_media":44,"comment_status":"closed","ping_status":"closed","template":"","meta":[],"product_brand":[],"product_cat":[13],"product_tag":[],"class_list":{"0":"post-16","1":"product","2":"type-product","3":"status-publish","4":"has-post-thumbnail","6":"product_cat-tonico-antistress","7":"entry","9":"first","10":"instock","11":"taxable","12":"shipping-taxable","13":"product-type-simple"},"_links":{"self":[{"href":"https:\/\/www.omniagroup.org\/it\/wp-json\/wp\/v2\/product\/16","targetHints":{"allow":["GET"]}}],"collection":[{"href":"https:\/\/www.omniagroup.org\/it\/wp-json\/wp\/v2\/product"}],"about":[{"href":"https:\/\/www.omniagroup.org\/it\/wp-json\/wp\/v2\/types\/product"}],"replies":[{"embeddable":true,"href":"https:\/\/www.omniagroup.org\/it\/wp-json\/wp\/v2\/comments?post=16"}],"wp:featuredmedia":[{"embeddable":true,"href":"https:\/\/www.omniagroup.org\/it\/wp-json\/wp\/v2\/media\/44"}],"wp:attachment":[{"href":"https:\/\/www.omniagroup.org\/it\/wp-json\/wp\/v2\/media?parent=16"}],"wp:term":[{"taxonomy":"product_brand","embeddable":true,"href":"https:\/\/www.omniagroup.org\/it\/wp-json\/wp\/v2\/product_brand?post=16"},{"taxonomy":"product_cat","embeddable":true,"href":"https:\/\/www.omniagroup.org\/it\/wp-json\/wp\/v2\/product_cat?post=16"},{"taxonomy":"product_tag","embeddable":true,"href":"https:\/\/www.omniagroup.org\/it\/wp-json\/wp\/v2\/product_tag?post=16"}],"curies":[{"name":"wp","href":"https:\/\/api.w.org\/{rel}","templated":true}]}}