{"id":23,"date":"2017-03-19T19:21:17","date_gmt":"2017-03-19T18:21:17","guid":{"rendered":"http:\/\/www.omniagroup.org\/it\/?post_type=product&#038;p=23"},"modified":"2017-03-29T17:21:55","modified_gmt":"2017-03-29T15:21:55","slug":"herbs-diet","status":"publish","type":"product","link":"https:\/\/www.omniagroup.org\/it\/prodotto\/herbs-diet\/","title":{"rendered":"Herbs Diet"},"content":{"rendered":"<h4>Ingredienti<\/h4>\n<table style=\"height: 162px; border: 1px solid #AAAAAA;\" border=\"0\" width=\"689\" cellspacing=\"0\" cellpadding=\"1\">\n<tbody>\n<tr style=\"background-color: #37602f; color: white;\" align=\"center\">\n<td><\/td>\n<td style=\"text-align: center;\">per 4 compresse<\/td>\n<td style=\"text-align: center;\">%NRV*<\/td>\n<\/tr>\n<tr>\n<td>Cromo<\/td>\n<td style=\"text-align: center;\" align=\"center\">100 mcg<\/td>\n<td style=\"text-align: center;\" align=\"center\">250<\/td>\n<\/tr>\n<tr>\n<td>Vitamina B6<\/td>\n<td style=\"text-align: center;\" align=\"center\">1,4 mg<\/td>\n<td style=\"text-align: center;\" align=\"center\">100<\/td>\n<\/tr>\n<tr>\n<td>Fuco e.s.<\/td>\n<td style=\"text-align: center;\" align=\"center\">80 mg<\/td>\n<td style=\"text-align: center;\" align=\"center\">&#8211;<\/td>\n<\/tr>\n<tr>\n<td><em>Apporto di Iodio<\/em><\/td>\n<td style=\"text-align: center;\" align=\"center\"><em>80 mcg<\/em><\/td>\n<td style=\"text-align: center;\" align=\"center\">53<\/td>\n<\/tr>\n<tr>\n<td>Orthosiphon e.s.<\/td>\n<td style=\"text-align: center;\" align=\"center\">200 mg<\/td>\n<td style=\"text-align: center;\" align=\"center\">&#8211;<\/td>\n<\/tr>\n<tr>\n<td><em>Apporto di sinensetina<\/em><\/td>\n<td style=\"text-align: center;\" align=\"center\"><em>0,1 mg<\/em><\/td>\n<td style=\"text-align: center;\" align=\"center\">&#8211;<\/td>\n<\/tr>\n<tr>\n<td>T\u00e8 verde e.s.<\/td>\n<td style=\"text-align: center;\" align=\"center\">100 mg<\/td>\n<td style=\"text-align: center;\" align=\"center\">&#8211;<\/td>\n<\/tr>\n<tr>\n<td><em>Apporto di Catechine<\/em><\/td>\n<td style=\"text-align: center;\" align=\"center\"><em>75 mg<\/em><\/td>\n<td style=\"text-align: center;\" align=\"center\">&#8211;<\/td>\n<\/tr>\n<tr>\n<td>Guaran\u00e0 e.s.<\/td>\n<td style=\"text-align: center;\" align=\"center\">100 mg<\/td>\n<td style=\"text-align: center;\" align=\"center\">&#8211;<\/td>\n<\/tr>\n<tr>\n<td><em>Apporto di caffeina<\/em><\/td>\n<td style=\"text-align: center;\" align=\"center\"><em>5 mg<\/em><\/td>\n<td style=\"text-align: center;\" align=\"center\">&#8211;<\/td>\n<\/tr>\n<tr>\n<td>Ortica e.s.<\/td>\n<td style=\"text-align: center;\" align=\"center\">100 mg<\/td>\n<td style=\"text-align: center;\" align=\"center\">&#8211;<\/td>\n<\/tr>\n<tr>\n<td><em>Apporto di steroli totali<\/em><\/td>\n<td style=\"text-align: center;\" align=\"center\"><em>0,8 mg<\/em><\/td>\n<td style=\"text-align: center;\" align=\"center\">&#8211;<\/td>\n<\/tr>\n<tr>\n<td>Sambuco e.s.<\/td>\n<td style=\"text-align: center;\" align=\"center\">100 mg<\/td>\n<td style=\"text-align: center;\" align=\"center\">&#8211;<\/td>\n<\/tr>\n<tr>\n<td><em>Apporto di antocianine<\/em><\/td>\n<td style=\"text-align: center;\" align=\"center\"><em>6 mg<\/em><\/td>\n<td style=\"text-align: center;\" align=\"center\">&#8211;<\/td>\n<\/tr>\n<tr>\n<td><em>Apporto di polifenoli<\/em><\/td>\n<td style=\"text-align: center;\" align=\"center\"><em>10 mg<\/em><\/td>\n<td style=\"text-align: center;\" align=\"center\">&#8211;<\/td>\n<\/tr>\n<tr>\n<td>Uva ursina e.s.<\/td>\n<td style=\"text-align: center;\" align=\"center\">80 mg<\/td>\n<td style=\"text-align: center;\" align=\"center\">&#8211;<\/td>\n<\/tr>\n<tr>\n<td><em>Apporto di arbutine<\/em><\/td>\n<td style=\"text-align: center;\" align=\"center\"><em>16 mg<\/em><\/td>\n<td style=\"text-align: center;\" align=\"center\">&#8211;<\/td>\n<\/tr>\n<tr>\n<td>Coriandolo polvere<\/td>\n<td style=\"text-align: center;\" align=\"center\">101 mg<\/td>\n<td style=\"text-align: center;\" align=\"center\">&#8211;<\/td>\n<\/tr>\n<tr>\n<td>Arancio amaro e.s.<\/td>\n<td style=\"text-align: center;\" align=\"center\">100 mg<\/td>\n<td style=\"text-align: center;\" align=\"center\">&#8211;<\/td>\n<\/tr>\n<tr>\n<td><em>Apporto di sinefrina<\/em><\/td>\n<td style=\"text-align: center;\" align=\"center\"><em>6 mg<\/em><\/td>\n<td style=\"text-align: center;\" align=\"center\">&#8211;<\/td>\n<\/tr>\n<tr>\n<td>Senape gialla polvere<\/td>\n<td style=\"text-align: center;\" align=\"center\">72 mg<\/td>\n<td style=\"text-align: center;\" align=\"center\">&#8211;<\/td>\n<\/tr>\n<\/tbody>\n<\/table>\n<p><i>* NRV = Valori Nutritivi di Riferimento ai sensi del Reg. UE 1169\/2011<\/i><\/p>\n<h5>Vitamina B6<\/h5>\n<p>Le funzioni biologiche della Vitamina B6 sono\u00a0molteplici e comprendono, tra l\u2019altro, effetti sul\u00a0metabolismo lipidico, glucidico e proteico. L\u2019integrazione di Vitamina B6 potenzia l\u2019effetto drenante di Herbs Diet<sup>\u00ae<\/sup> e permette di contrastare i fenomeni di ritenzione idrica.<\/p>\n<h5>Cromo picolinato<\/h5>\n<p>Migliora il controllo della glicemia e della risposta insulinica.<\/p>\n<h5>Iodio<\/h5>\n<p>Un apporto di Iodio, in quantit\u00e0 sufficiente, \u00e8 indispensabile per la fisiologica funzionalit\u00e0 della ghiandola tiroidea. Quest\u2019ultima interviene nel metabolismo di lipidi, carboidrati e proteine, attraverso una stimolazione generale del\u00a0metabolismo basale e dell\u2019organismo. Lo Iodio,\u00a0presente nel prodotto Herbs Diet<sup>\u00ae<\/sup> , \u00e8 vegetale\u00a0e deriva da Fuco.<\/p>\n<h5>Arancio amaro<\/h5>\n<p>\u00c8 un fitocomplesso titolato, contenente 5 amine\u00a0adrenergiche che attivano la lipolisi e la termogenesi: l\u2019aumentata lipolisi mette a disposizione\u00a0dell\u2019organismo acidi grassi come fonte energetica. La termogenesi \u00e8 un particolare processo\u00a0metabolico, che consiste nella produzione di\u00a0calore da parte dell\u2019organismo, utilizzando\u00a0come fonte energetica i grassi del tessuto adiposo bruno, che costituiscono una delle forme\u00a0pi\u00f9 concentrate di energia. Ricerche preliminari\u00a0hanno evidenziato che Citrus aurantium e.s. \u00e8 un prodotto, totalmente naturale, ad effetto termogenico selettivo, che agisce in tre modi specifici:\u00a0brucia i grassi, migliora la performance fisica ed\u00a0aiuta la crescita muscolare. Non presenta, inoltre, effetti collaterali a carico del sistema cardiovascolare e del Sistema Nervoso Centrale.<\/p>\n<h5>Fuco<\/h5>\n<p>\u00c8 una particolare alga marina ricca di Sali minerali, in particolare, di Iodio che permette un\u00a0ottimale funzionamento della ghiandola tiroidea, importante per la regolazione del metabolismo.<\/p>\n<h5>Guaran\u00e0<\/h5>\n<p>Vanta propriet\u00e0 toniche e snellenti. \u00c8 una sostanza ricca di principi eccitanti ma senza gli effetti collaterali della caffeina. \u00c8 stimolante e tonificante nei casi di stanchezza, astenia e\u00a0convalescenza. Sviluppa un\u2019azione benefica sul\u00a0colesterolo-HDL.<\/p>\n<h5>T\u00e8 verde<\/h5>\n<p>Tonico generale, diuretico, con azione rivolta\u00a0anche alla riduzione dei grassi.<\/p>\n<h5>Ortica<\/h5>\n<p>Azione depurativa e diuretica.<\/p>\n<h5>Sambuco<\/h5>\n<p>Azione diuretica, con proprit\u00e0 sudorifere e depurative.<\/p>\n<h5>Uva ursina<\/h5>\n<p>Vanta propriet\u00e0 diuretiche ed antisettiche, indicata in particolare per le vie renali ed urinarie.<\/p>\n<h5>Orthosiphon<\/h5>\n<p>Diuretico, depurativo, colagogo.<\/p>\n<h5>Coriandolo e Senape gialla<\/h5>\n<p>Propriet\u00e0 carminative e leggermente lassative.<\/p>\n<h4>Eccipienti<\/h4>\n<ul style=\"margin-bottom: 10px;\">\n<li>Cellulosa microcristallina, Biossido di silicio, Magnesio stearato, Maltodestrine.<\/li>\n<li>Non contiene sostanze vegetali geneticamente modificate (OGM).<\/li>\n<li>Non contiene sostanze di origine animale. Prodotto certificato esente da BSE\/TSE.<\/li>\n<li>Non contiene glutine.<\/li>\n<\/ul>\n<h4>Avvertenze<\/h4>\n<ul>\n<li>Contiene una fonte di iodio naturale.<\/li>\n<li>Non superare la dose giornaliera consigliata.<\/li>\n<li>In presenza di cardiovasculopatie e\/o ipertensione, prima di assumere il prodotto, consultare il medico.<\/li>\n<li>Si sconsiglia l\u2019uso del prodotto in gravidanza, durante l\u2019allattamento e al di sotto dei 12 anni.<\/li>\n<\/ul>\n<h4>Modalit\u00e0 di impiego<\/h4>\n<p>4 compresse al d\u00ec, 2 al mattino e 2 alla sera, con un bicchiere d\u2019acqua.<\/p>\n<h4>Confezione<\/h4>\n<p>60 compresse in blister.<\/p>\n","protected":false},"excerpt":{"rendered":"<p>Herbs Diet<sup>\u00ae<\/sup> \u00e8 coadiuvante nella stimolazione del metabolismo lipidico, glucidico e proteico, migliora gli scambi osmotici cellulari con propriet\u00e0 termogeniche, lipolitiche e depurative.<\/p>\n","protected":false},"featured_media":39,"comment_status":"closed","ping_status":"closed","template":"","meta":[],"product_brand":[],"product_cat":[9],"product_tag":[],"class_list":{"0":"post-23","1":"product","2":"type-product","3":"status-publish","4":"has-post-thumbnail","6":"product_cat-controllo-del-peso","7":"entry","9":"first","10":"instock","11":"taxable","12":"shipping-taxable","13":"product-type-simple"},"_links":{"self":[{"href":"https:\/\/www.omniagroup.org\/it\/wp-json\/wp\/v2\/product\/23","targetHints":{"allow":["GET"]}}],"collection":[{"href":"https:\/\/www.omniagroup.org\/it\/wp-json\/wp\/v2\/product"}],"about":[{"href":"https:\/\/www.omniagroup.org\/it\/wp-json\/wp\/v2\/types\/product"}],"replies":[{"embeddable":true,"href":"https:\/\/www.omniagroup.org\/it\/wp-json\/wp\/v2\/comments?post=23"}],"wp:featuredmedia":[{"embeddable":true,"href":"https:\/\/www.omniagroup.org\/it\/wp-json\/wp\/v2\/media\/39"}],"wp:attachment":[{"href":"https:\/\/www.omniagroup.org\/it\/wp-json\/wp\/v2\/media?parent=23"}],"wp:term":[{"taxonomy":"product_brand","embeddable":true,"href":"https:\/\/www.omniagroup.org\/it\/wp-json\/wp\/v2\/product_brand?post=23"},{"taxonomy":"product_cat","embeddable":true,"href":"https:\/\/www.omniagroup.org\/it\/wp-json\/wp\/v2\/product_cat?post=23"},{"taxonomy":"product_tag","embeddable":true,"href":"https:\/\/www.omniagroup.org\/it\/wp-json\/wp\/v2\/product_tag?post=23"}],"curies":[{"name":"wp","href":"https:\/\/api.w.org\/{rel}","templated":true}]}}